{"id":20,"date":"2021-06-04T11:31:13","date_gmt":"2021-06-04T09:31:13","guid":{"rendered":"http:\/\/steeveandyou.com\/smart\/?page_id=20"},"modified":"2021-07-05T20:59:25","modified_gmt":"2021-07-05T18:59:25","slug":"notas-legales","status":"publish","type":"page","link":"https:\/\/www.smartmethodengineering.com\/es\/notas-legales\/","title":{"rendered":"Notas legales"},"content":{"rendered":"<p>[et_pb_section fb_built=\u00a0\u00bb1&Prime; _builder_version=\u00a0\u00bb4.9.2&Prime; _module_preset=\u00a0\u00bbdefault\u00a0\u00bb][et_pb_row column_structure=\u00a0\u00bb1_2,1_2&Prime; _builder_version=\u00a0\u00bb4.9.2&Prime; _module_preset=\u00a0\u00bbdefault\u00a0\u00bb][et_pb_column type=\u00a0\u00bb1_2&Prime; _builder_version=\u00a0\u00bb4.9.2&Prime; _module_preset=\u00a0\u00bbdefault\u00a0\u00bb][et_pb_text _builder_version=\u00a0\u00bb4.9.7&Prime; _module_preset=\u00a0\u00bbdefault\u00a0\u00bb]<\/p>\n<h4>de la sociedad::<\/h4>\n<p>Nombre comercial: SMART Method Engineering<br \/>\nGerente: Mr Christophe DUDOGNON<br \/>\nN\u00famero de Siret: 89765317600015<br \/>\nDirecci\u00f3n: 17 rue de Rosheim &#8211; 67000 Estrasburgo &#8211; Francia[\/et_pb_text][\/et_pb_column][et_pb_column type=\u00a0\u00bb1_2&Prime; _builder_version=\u00a0\u00bb4.9.2&Prime; _module_preset=\u00a0\u00bbdefault\u00a0\u00bb][et_pb_text _builder_version=\u00a0\u00bb4.9.7&Prime; _module_preset=\u00a0\u00bbdefault\u00a0\u00bb]<\/p>\n<h4>del sitio web::<\/h4>\n<p><strong>Creaci\u00f3n y webmaster<\/strong><span>\u00a0Steeve BUZ (<\/span>Steeve&amp;You)<br \/>\n<a href=\"http:\/\/www.steeveandyou.fr\/\" target=\"_blank\" rel=\"noopener noreferrer\">www.steeveandyou.fr<\/a><br \/>\n<strong>Fotos:<\/strong><span>\u00a0<\/span>Adobe Stock \u2013 Getty Images &#8211; SMART Method Engineering<br \/>\n<strong>Alojamiento:<\/strong>\u00a0<a href=\"https:\/\/osw.yt\/r\/16cbee3\" target=\"_blank\" rel=\"noopener noreferrer\">o2switch<\/a><br \/>\n<strong>Contacto webmaster:<\/strong><span>\u00a0<\/span><a href=\"mailto:info@steeveandyou.fr\">info@steeveandyou.fr<\/a>[\/et_pb_text][\/et_pb_column][\/et_pb_row][et_pb_row _builder_version=\u00a0\u00bb4.9.2&Prime; _module_preset=\u00a0\u00bbdefault\u00a0\u00bb][et_pb_column type=\u00a0\u00bb4_4&Prime; _builder_version=\u00a0\u00bb4.9.2&Prime; _module_preset=\u00a0\u00bbdefault\u00a0\u00bb][et_pb_text _builder_version=\u00a0\u00bb4.9.7&Prime; _module_preset=\u00a0\u00bbdefault\u00a0\u00bb]<\/p>\n<h4>Comisi\u00f3n Nacional de Tecnolog\u00edas de la Informaci\u00f3n y Libertades (Cnil)<\/h4>\n<p>Este sitio ha sido declarado a la CNIL, de conformidad con la Ley N \u00b0 78-17 del 6 de enero de 1978 relativa a las tecnolog\u00edas de la informaci\u00f3n, archivos y libertades.\u00a0<\/p>\n<h4>V\u00ednculos de hipertexto<\/h4>\n<p>Los enlaces de hipertexto pueden hacer referencia a sitios distintos a este. \u00ab\u00a0SMART Method Engineering\u00a0\u00bb no tiene control sobre el contenido de dichos sitios y se exime de toda responsabilidad en caso de que este contenido contravenga las disposiciones legales y reglamentarias vigentes.\u00a0<\/p>\n<h4>Propiedad intelectual<\/h4>\n<p>De acuerdo con las leyes que rigen la titularidad de los derechos literarios y art\u00edsticos u otros derechos similares, todos los elementos, marcas, nombres, fotograf\u00edas, dise\u00f1os, modelos, logotipos, gr\u00e1ficos, c\u00f3digos de colores, etc. que se encuentran en este sitio son propiedad exclusiva de las entidades interesadas de \u00ab\u00a0SMART Method Engineering\u00a0\u00bb o sus socios o proveedores, sin que \u00e9ste o estos otorguen ninguna licencia, ni ning\u00fan otro derecho que no sea el de consultar el sitio. La reproducci\u00f3n o uso de la totalidad o parte de estos elementos s\u00f3lo est\u00e1 autorizada a los fines exclusivos de informaci\u00f3n para uso personal y privado, quedando expresamente prohibida cualquier reproducci\u00f3n y cualquier uso de copias realizadas para otros fines. Cualquier otro uso constituye una infracci\u00f3n y est\u00e1 sancionado bajo Propiedad Intelectual, excepto con la autorizaci\u00f3n previa por escrito de \u00ab\u00a0SMART Method Engineering\u00a0\u00bb.<\/p>\n<p>Algunas fotos fueron tomadas durante proyectos realizados como empleado dentro de las entidades SAIPEM SA, BESIX NV y KELLER FONDATIONS SPECIALES.<\/p>\n<p>&nbsp;<\/p>\n<h4>Computaci\u00f3n y libertad<\/h4>\n<p>Informaci\u00f3n personal recopilada En Francia, los datos personales est\u00e1n protegidos en particular por la ley n \u00b0 78-87 del 6 de enero de 1978, la ley n \u00b0 2004-801 del 6 de agosto de 2004, el art\u00edculo L. 226-13 del C\u00f3digo Penal y el Directiva de 24 de octubre de 1995.<\/p>\n<p>En cualquier caso, \u00ab\u00a0SMART Method Engineering\u00a0\u00bb solo recopila informaci\u00f3n personal sobre el usuario (nombre, direcci\u00f3n de correo electr\u00f3nico, n\u00famero de tel\u00e9fono) para las necesidades de los servicios ofrecidos por \u00ab\u00a0SMART Method Engineering\u00a0\u00bb.<\/p>\n<p>El usuario proporciona esta informaci\u00f3n con pleno conocimiento de los hechos, especialmente al introducirla \u00e9l mismo. A continuaci\u00f3n, se informa al usuario del sitio \u00ab\u00a0SMART Method Engineering\u00a0\u00bb si la informaci\u00f3n que debe proporcionar es obligatoria o no.<\/p>\n<p>No se recopila informaci\u00f3n personal del usuario del sitio \u00ab\u00a0SMART Method Engineering\u00a0\u00bb sin el conocimiento del usuario; publicado sin el conocimiento del usuario; intercambiados, transferidos, cedidos o vendidos por cualquier medio a terceros.\u00a0<\/p>\n<h4>Google analitico<\/h4>\n<p>Este sitio utiliza Google Analytics, un servicio de an\u00e1lisis web proporcionado por Google Inc. (\u00ab\u00a0Google\u00a0\u00bb). Google Analytics utiliza cookies, que son archivos de texto que se colocan en su computadora, para ayudar al sitio web a analizar c\u00f3mo los usuarios usan el sitio. Los datos generados por las cookies sobre su uso del sitio (incluida su direcci\u00f3n IP) ser\u00e1n transmitidos y almacenados por Google en servidores ubicados en los Estados Unidos.<\/p>\n<p>Google utilizar\u00e1 esta informaci\u00f3n con el fin de evaluar su uso del sitio, compilando informes sobre la actividad del sitio para su editor y para proporcionar otros servicios relacionados con la actividad del sitio y el uso de Internet.<\/p>\n<p>Google puede comunicar estos datos a terceros en caso de obligaciones legales o cuando estos terceros procesen estos datos en nombre de Google, incluido en particular el editor de este sitio. Puede desactivar el uso de cookies seleccionando la configuraci\u00f3n adecuada en su navegador. Sin embargo, dicha desactivaci\u00f3n podr\u00eda impedir el uso de determinadas funciones de este sitio. Al utilizar este sitio web, usted da su consentimiento expreso al tratamiento de sus datos personales por parte de Google en las condiciones y para los fines descritos anteriormente.<\/p>\n<p>[\/et_pb_text][\/et_pb_column][\/et_pb_row][\/et_pb_section]<\/p>\n","protected":false},"excerpt":{"rendered":"<p>[et_pb_section fb_built=\u00a0\u00bb1&Prime; _builder_version=\u00a0\u00bb4.9.2&Prime; _module_preset=\u00a0\u00bbdefault\u00a0\u00bb][et_pb_row column_structure=\u00a0\u00bb1_2,1_2&Prime; _builder_version=\u00a0\u00bb4.9.2&Prime; _module_preset=\u00a0\u00bbdefault\u00a0\u00bb][et_pb_column type=\u00a0\u00bb1_2&Prime; _builder_version=\u00a0\u00bb4.9.2&Prime; _module_preset=\u00a0\u00bbdefault\u00a0\u00bb][et_pb_text _builder_version=\u00a0\u00bb4.9.7&Prime; _module_preset=\u00a0\u00bbdefault\u00a0\u00bb] de la sociedad:: Nombre comercial: SMART Method Engineering Gerente: Mr Christophe DUDOGNON N\u00famero de Siret: 89765317600015 Direcci\u00f3n: 17 rue de Rosheim &#8211; 67000 Estrasburgo &#8211; Francia[\/et_pb_text][\/et_pb_column][et_pb_column type=\u00a0\u00bb1_2&Prime; _builder_version=\u00a0\u00bb4.9.2&Prime; _module_preset=\u00a0\u00bbdefault\u00a0\u00bb][et_pb_text _builder_version=\u00a0\u00bb4.9.7&Prime; _module_preset=\u00a0\u00bbdefault\u00a0\u00bb] del sitio web:: Creaci\u00f3n y webmaster\u00a0Steeve BUZ (Steeve&amp;You) www.steeveandyou.fr Fotos:\u00a0Adobe Stock \u2013 [&hellip;]<\/p>\n","protected":false},"author":1,"featured_media":0,"parent":0,"menu_order":0,"comment_status":"closed","ping_status":"closed","template":"","meta":{"_et_pb_use_builder":"on","_et_pb_old_content":"","_et_gb_content_width":"","footnotes":""},"class_list":["post-20","page","type-page","status-publish","hentry"],"yoast_head":"<!-- This site is optimized with the Yoast SEO plugin v16.6.1 - https:\/\/yoast.com\/wordpress\/plugins\/seo\/ -->\n<title>Notas legales - SMART Method Engineering<\/title>\n<meta name=\"robots\" content=\"index, follow, max-snippet:-1, max-image-preview:large, max-video-preview:-1\" \/>\n<link rel=\"canonical\" href=\"https:\/\/www.smartmethodengineering.com\/es\/notas-legales\/\" \/>\n<meta property=\"og:locale\" content=\"fr_FR\" \/>\n<meta property=\"og:type\" content=\"article\" \/>\n<meta property=\"og:title\" content=\"Notas legales - SMART Method Engineering\" \/>\n<meta property=\"og:description\" content=\"[et_pb_section fb_built=\u00a0\u00bb1&Prime; _builder_version=\u00a0\u00bb4.9.2&Prime; _module_preset=\u00a0\u00bbdefault\u00a0\u00bb][et_pb_row column_structure=\u00a0\u00bb1_2,1_2&Prime; _builder_version=\u00a0\u00bb4.9.2&Prime; _module_preset=\u00a0\u00bbdefault\u00a0\u00bb][et_pb_column type=\u00a0\u00bb1_2&Prime; _builder_version=\u00a0\u00bb4.9.2&Prime; _module_preset=\u00a0\u00bbdefault\u00a0\u00bb][et_pb_text _builder_version=\u00a0\u00bb4.9.7&Prime; _module_preset=\u00a0\u00bbdefault\u00a0\u00bb] de la sociedad:: Nombre comercial: SMART Method Engineering Gerente: Mr Christophe DUDOGNON N\u00famero de Siret: 89765317600015 Direcci\u00f3n: 17 rue de Rosheim &#8211; 67000 Estrasburgo &#8211; Francia[\/et_pb_text][\/et_pb_column][et_pb_column type=\u00a0\u00bb1_2&Prime; _builder_version=\u00a0\u00bb4.9.2&Prime; _module_preset=\u00a0\u00bbdefault\u00a0\u00bb][et_pb_text _builder_version=\u00a0\u00bb4.9.7&Prime; _module_preset=\u00a0\u00bbdefault\u00a0\u00bb] del sitio web:: Creaci\u00f3n y webmaster\u00a0Steeve BUZ (Steeve&amp;You) www.steeveandyou.fr Fotos:\u00a0Adobe Stock \u2013 [&hellip;]\" \/>\n<meta property=\"og:url\" content=\"https:\/\/www.smartmethodengineering.com\/es\/notas-legales\/\" \/>\n<meta property=\"og:site_name\" content=\"SMART Method Engineering\" \/>\n<meta property=\"article:modified_time\" content=\"2021-07-05T18:59:25+00:00\" \/>\n<meta name=\"twitter:card\" content=\"summary_large_image\" \/>\n<meta name=\"twitter:label1\" content=\"Dur\u00e9e de lecture est.\" \/>\n\t<meta name=\"twitter:data1\" content=\"4 minutes\" \/>\n<script type=\"application\/ld+json\" class=\"yoast-schema-graph\">{\"@context\":\"https:\/\/schema.org\",\"@graph\":[{\"@type\":\"WebSite\",\"@id\":\"https:\/\/www.smartmethodengineering.com\/es\/#website\",\"url\":\"https:\/\/www.smartmethodengineering.com\/es\/\",\"name\":\"SMART Method Engineering\",\"description\":\"Un site utilisant WordPress\",\"potentialAction\":[{\"@type\":\"SearchAction\",\"target\":{\"@type\":\"EntryPoint\",\"urlTemplate\":\"https:\/\/www.smartmethodengineering.com\/es\/?s={search_term_string}\"},\"query-input\":\"required name=search_term_string\"}],\"inLanguage\":\"fr-FR\"},{\"@type\":\"WebPage\",\"@id\":\"https:\/\/www.smartmethodengineering.com\/es\/notas-legales\/#webpage\",\"url\":\"https:\/\/www.smartmethodengineering.com\/es\/notas-legales\/\",\"name\":\"Notas legales - SMART Method Engineering\",\"isPartOf\":{\"@id\":\"https:\/\/www.smartmethodengineering.com\/es\/#website\"},\"datePublished\":\"2021-06-04T09:31:13+00:00\",\"dateModified\":\"2021-07-05T18:59:25+00:00\",\"breadcrumb\":{\"@id\":\"https:\/\/www.smartmethodengineering.com\/es\/notas-legales\/#breadcrumb\"},\"inLanguage\":\"fr-FR\",\"potentialAction\":[{\"@type\":\"ReadAction\",\"target\":[\"https:\/\/www.smartmethodengineering.com\/es\/notas-legales\/\"]}]},{\"@type\":\"BreadcrumbList\",\"@id\":\"https:\/\/www.smartmethodengineering.com\/es\/notas-legales\/#breadcrumb\",\"itemListElement\":[{\"@type\":\"ListItem\",\"position\":1,\"name\":\"Notas legales\"}]}]}<\/script>\n<!-- \/ Yoast SEO plugin. -->","_links":{"self":[{"href":"https:\/\/www.smartmethodengineering.com\/es\/wp-json\/wp\/v2\/pages\/20","targetHints":{"allow":["GET"]}}],"collection":[{"href":"https:\/\/www.smartmethodengineering.com\/es\/wp-json\/wp\/v2\/pages"}],"about":[{"href":"https:\/\/www.smartmethodengineering.com\/es\/wp-json\/wp\/v2\/types\/page"}],"author":[{"embeddable":true,"href":"https:\/\/www.smartmethodengineering.com\/es\/wp-json\/wp\/v2\/users\/1"}],"replies":[{"embeddable":true,"href":"https:\/\/www.smartmethodengineering.com\/es\/wp-json\/wp\/v2\/comments?post=20"}],"version-history":[{"count":0,"href":"https:\/\/www.smartmethodengineering.com\/es\/wp-json\/wp\/v2\/pages\/20\/revisions"}],"wp:attachment":[{"href":"https:\/\/www.smartmethodengineering.com\/es\/wp-json\/wp\/v2\/media?parent=20"}],"curies":[{"name":"wp","href":"https:\/\/api.w.org\/{rel}","templated":true}]}}