{"id":16,"date":"2021-06-04T11:30:45","date_gmt":"2021-06-04T09:30:45","guid":{"rendered":"http:\/\/steeveandyou.com\/smart\/?page_id=16"},"modified":"2021-08-11T17:28:52","modified_gmt":"2021-08-11T15:28:52","slug":"referencias","status":"publish","type":"page","link":"https:\/\/www.smartmethodengineering.com\/es\/referencias\/","title":{"rendered":"Referencias"},"content":{"rendered":"<p>[et_pb_section fb_built=\u00a0\u00bb1&Prime; custom_padding_last_edited=\u00a0\u00bbon|tablet\u00a0\u00bb prev_background_color=\u00a0\u00bb#ffffff\u00a0\u00bb admin_label=\u00a0\u00bbHero Section\u00a0\u00bb _builder_version=\u00a0\u00bb4.9.4&Prime; use_background_color_gradient=\u00a0\u00bbon\u00a0\u00bb background_color_gradient_start=\u00a0\u00bb#2b303a\u00a0\u00bb background_color_gradient_end=\u00a0\u00bbrgba(43,48,58,0.5)\u00a0\u00bb background_color_gradient_type=\u00a0\u00bbradial\u00a0\u00bb background_color_gradient_direction_radial=\u00a0\u00bbtop left\u00a0\u00bb background_color_gradient_start_position=\u00a0\u00bb10%\u00a0\u00bb background_color_gradient_overlays_image=\u00a0\u00bbon\u00a0\u00bb background_image=\u00a0\u00bbhttps:\/\/www.smartmethodengineering.com\/es\/wp-content\/uploads\/2021\/06\/Accueil-05.jpg\u00a0\u00bb module_alignment=\u00a0\u00bbright\u00a0\u00bb custom_margin=\u00a0\u00bb30px||30px||true|true\u00a0\u00bb custom_margin_tablet=\u00a0\u00bb0px|0px|0px|0px|true|true\u00a0\u00bb custom_margin_phone=\u00a0\u00bb\u00a0\u00bb custom_margin_last_edited=\u00a0\u00bbon|desktop\u00a0\u00bb custom_padding=\u00a0\u00bb10vw||10vw|0|true|false\u00a0\u00bb custom_padding_tablet=\u00a0\u00bb120px||120px|0px|true\u00a0\u00bb custom_padding_phone=\u00a0\u00bb\u00a0\u00bb top_divider_style=\u00a0\u00bbasymmetric4&Prime; top_divider_height=\u00a0\u00bb25px\u00a0\u00bb top_divider_repeat=\u00a0\u00bb0.5x\u00a0\u00bb top_divider_flip=\u00a0\u00bbvertical\u00a0\u00bb bottom_divider_style=\u00a0\u00bbasymmetric3&Prime; bottom_divider_color=\u00a0\u00bb#ffffff\u00a0\u00bb bottom_divider_height=\u00a0\u00bb25px\u00a0\u00bb bottom_divider_repeat=\u00a0\u00bb0.5x\u00a0\u00bb bottom_divider_flip=\u00a0\u00bbhorizontal\u00a0\u00bb animation_style=\u00a0\u00bbslide\u00a0\u00bb animation_direction=\u00a0\u00bbtop\u00a0\u00bb animation_intensity_slide=\u00a0\u00bb2%\u00a0\u00bb][et_pb_row admin_label=\u00a0\u00bbHero Area\u00a0\u00bb _builder_version=\u00a0\u00bb3.25&Prime; background_size=\u00a0\u00bbinitial\u00a0\u00bb background_position=\u00a0\u00bbtop_left\u00a0\u00bb background_repeat=\u00a0\u00bbrepeat\u00a0\u00bb custom_margin=\u00a0\u00bb|||\u00a0\u00bb][et_pb_column type=\u00a0\u00bb4_4&Prime; _builder_version=\u00a0\u00bb3.25&Prime; custom_padding=\u00a0\u00bb|||\u00a0\u00bb custom_padding__hover=\u00a0\u00bb|||\u00a0\u00bb][et_pb_text admin_label=\u00a0\u00bbTitle\u00a0\u00bb _builder_version=\u00a0\u00bb4.9.7&Prime; text_font=\u00a0\u00bb||||||||\u00a0\u00bb quote_font=\u00a0\u00bb||||||||\u00a0\u00bb header_font=\u00a0\u00bb|600|||||||\u00a0\u00bb header_font_size=\u00a0\u00bb40px\u00a0\u00bb header_line_height=\u00a0\u00bb1.4em\u00a0\u00bb header_2_font=\u00a0\u00bb||||||||\u00a0\u00bb background_layout=\u00a0\u00bbdark\u00a0\u00bb custom_margin=\u00a0\u00bb|||-40px\u00a0\u00bb custom_margin_tablet=\u00a0\u00bb\u00a0\u00bb custom_margin_phone=\u00a0\u00bb|||0px\u00a0\u00bb custom_margin_last_edited=\u00a0\u00bbon|phone\u00a0\u00bb custom_padding=\u00a0\u00bb|||30px\u00a0\u00bb animation_style=\u00a0\u00bbslide\u00a0\u00bb animation_direction=\u00a0\u00bbtop\u00a0\u00bb animation_intensity_slide=\u00a0\u00bb5%\u00a0\u00bb animation_starting_opacity=\u00a0\u00bb100%\u00a0\u00bb header_font_size_tablet=\u00a0\u00bb30px\u00a0\u00bb header_font_size_phone=\u00a0\u00bb20px\u00a0\u00bb header_font_size_last_edited=\u00a0\u00bbon|desktop\u00a0\u00bb border_color_all=\u00a0\u00bb#00a9b4&Prime; border_width_left=\u00a0\u00bb10px\u00a0\u00bb]<\/p>\n<h1>Referencias<\/h1>\n<p>[\/et_pb_text][\/et_pb_column][\/et_pb_row][\/et_pb_section][et_pb_section fb_built=\u00a0\u00bb1&Prime; _builder_version=\u00a0\u00bb4.9.7&Prime; background_enable_color=\u00a0\u00bboff\u00a0\u00bb custom_padding=\u00a0\u00bb0px||0px|||\u00a0\u00bb][et_pb_row column_structure=\u00a0\u00bb1_3,1_3,1_3&Prime; use_custom_gutter=\u00a0\u00bbon\u00a0\u00bb gutter_width=\u00a0\u00bb2&Prime; make_equal=\u00a0\u00bbon\u00a0\u00bb _builder_version=\u00a0\u00bb4.9.7&Prime; hover_enabled=\u00a0\u00bb0&Prime; sticky_enabled=\u00a0\u00bb0&Prime;][et_pb_column type=\u00a0\u00bb1_3&Prime; module_class=\u00a0\u00bbblurb_freebie03&Prime; _builder_version=\u00a0\u00bb4.9.7&Prime; use_background_color_gradient=\u00a0\u00bbon\u00a0\u00bb background_color_gradient_start=\u00a0\u00bbrgba(71,71,71,0.66)\u00a0\u00bb background_color_gradient_end=\u00a0\u00bbrgba(71,71,71,0.6)\u00a0\u00bb background_color_gradient_overlays_image=\u00a0\u00bbon\u00a0\u00bb background_image=\u00a0\u00bbhttps:\/\/www.smartmethodengineering.com\/es\/wp-content\/uploads\/2021\/08\/projet-01.jpg\u00a0\u00bb custom_padding=\u00a0\u00bb|40px||40px|false|true\u00a0\u00bb box_shadow_style=\u00a0\u00bbpreset3&Prime; background__hover_enabled=\u00a0\u00bbon|desktop\u00a0\u00bb][et_pb_text module_class=\u00a0\u00bbheading\u00a0\u00bb _builder_version=\u00a0\u00bb4.9.7&Prime; header_2_font=\u00a0\u00bb|600|||||||\u00a0\u00bb header_2_text_align=\u00a0\u00bbright\u00a0\u00bb header_2_text_color=\u00a0\u00bb#ffffff\u00a0\u00bb header_2_font_size=\u00a0\u00bb19px\u00a0\u00bb custom_margin=\u00a0\u00bb||0px||false|false\u00a0\u00bb custom_padding=\u00a0\u00bb50px|20px||20px|false|true\u00a0\u00bb header_2_text_shadow_style=\u00a0\u00bbpreset3&Prime; header_2_text_shadow_blur_strength=\u00a0\u00bb1.63em\u00a0\u00bb header_2_text_shadow_color=\u00a0\u00bbrgba(0,0,0,0.7)\u00a0\u00bb]<\/p>\n<h2>Redacci\u00f3n de res\u00famenes t\u00e9cnicos<\/h2>\n<p>[\/et_pb_text][et_pb_text module_class=\u00a0\u00bbdescription\u00a0\u00bb _builder_version=\u00a0\u00bb4.9.7&Prime; text_font=\u00a0\u00bb|600|||||||\u00a0\u00bb text_text_color=\u00a0\u00bb#ffffff\u00a0\u00bb text_letter_spacing=\u00a0\u00bb1px\u00a0\u00bb text_orientation=\u00a0\u00bbright\u00a0\u00bb custom_margin=\u00a0\u00bb|20px||20px|false|false\u00a0\u00bb custom_padding=\u00a0\u00bb200px||30px||false|true\u00a0\u00bb border_width_top=\u00a0\u00bb3px\u00a0\u00bb border_color_top=\u00a0\u00bb#00a9b4&Prime;]<\/p>\n<p>Redacci\u00f3n de res\u00famenes t\u00e9cnicos para licitaciones de obras subacu\u00e1ticas<\/p>\n<p>[\/et_pb_text][\/et_pb_column][et_pb_column type=\u00a0\u00bb1_3&Prime; module_class=\u00a0\u00bbblurb_freebie03&Prime; _builder_version=\u00a0\u00bb4.9.7&Prime; custom_padding=\u00a0\u00bb|40px||40px|false|true\u00a0\u00bb background__hover_enabled=\u00a0\u00bbon|hover\u00a0\u00bb][\/et_pb_column][et_pb_column type=\u00a0\u00bb1_3&Prime; module_class=\u00a0\u00bbblurb_freebie03&Prime; _builder_version=\u00a0\u00bb4.9.7&Prime; use_background_color_gradient=\u00a0\u00bbon\u00a0\u00bb background_color_gradient_start=\u00a0\u00bbrgba(71,71,71,0.66)\u00a0\u00bb background_color_gradient_end=\u00a0\u00bbrgba(71,71,71,0.6)\u00a0\u00bb background_color_gradient_overlays_image=\u00a0\u00bbon\u00a0\u00bb background_image=\u00a0\u00bbhttps:\/\/www.smartmethodengineering.com\/es\/wp-content\/uploads\/2021\/08\/Reference-Phasage-IngeMARINE.png\u00a0\u00bb custom_padding=\u00a0\u00bb|40px||40px|false|true\u00a0\u00bb hover_enabled=\u00a0\u00bb0&Prime; box_shadow_style=\u00a0\u00bbpreset3&Prime; background__hover_enabled=\u00a0\u00bbon|desktop\u00a0\u00bb title_text=\u00a0\u00bbR\u00e9f\u00e9rence Phasage Ing\u00e9MARINE\u00a0\u00bb background_size=\u00a0\u00bbcontain\u00a0\u00bb sticky_enabled=\u00a0\u00bb0&Prime;][et_pb_text module_class=\u00a0\u00bbheading\u00a0\u00bb _builder_version=\u00a0\u00bb4.9.7&Prime; header_2_font=\u00a0\u00bb|600|||||||\u00a0\u00bb header_2_text_align=\u00a0\u00bbright\u00a0\u00bb header_2_text_color=\u00a0\u00bb#ffffff\u00a0\u00bb header_2_font_size=\u00a0\u00bb19px\u00a0\u00bb custom_margin=\u00a0\u00bb||0px||false|false\u00a0\u00bb custom_padding=\u00a0\u00bb50px|20px||20px|false|true\u00a0\u00bb header_2_text_shadow_style=\u00a0\u00bbpreset3&Prime; header_2_text_shadow_blur_strength=\u00a0\u00bb1.63em\u00a0\u00bb header_2_text_shadow_color=\u00a0\u00bbrgba(0,0,0,0.7)\u00a0\u00bb]<\/p>\n<h2>Planos de M\u00e9todos<\/h2>\n<p>[\/et_pb_text][et_pb_text module_class=\u00a0\u00bbdescription\u00a0\u00bb _builder_version=\u00a0\u00bb4.9.7&Prime; text_font=\u00a0\u00bb|600|||||||\u00a0\u00bb text_text_color=\u00a0\u00bb#ffffff\u00a0\u00bb text_letter_spacing=\u00a0\u00bb1px\u00a0\u00bb text_orientation=\u00a0\u00bbright\u00a0\u00bb custom_margin=\u00a0\u00bb|20px||20px|false|false\u00a0\u00bb custom_padding=\u00a0\u00bb200px||30px||false|true\u00a0\u00bb border_width_top=\u00a0\u00bb3px\u00a0\u00bb border_color_top=\u00a0\u00bb#00a9b4&Prime;]<\/p>\n<p>Fases de instalaci\u00f3n de una estructura mar\u00edtima<\/p>\n<p>[\/et_pb_text][\/et_pb_column][\/et_pb_row][et_pb_row _builder_version=\u00a0\u00bb4.4.1&Prime;][et_pb_column type=\u00a0\u00bb4_4&Prime; _builder_version=\u00a0\u00bb4.4.1&Prime;][et_pb_code _builder_version=\u00a0\u00bb4.4.1&Prime;]<\/p>\n<style><!-- [et_pb_line_break_holder] -->  \/* Description text *\/<!-- [et_pb_line_break_holder] -->.blurb_freebie03 .description { <!-- [et_pb_line_break_holder] -->    transform: translatey(30px);<!-- [et_pb_line_break_holder] -->    opacity: 0;<!-- [et_pb_line_break_holder] -->    transition: all .3s ease-in-out;<!-- [et_pb_line_break_holder] -->}<!-- [et_pb_line_break_holder] -->  <!-- [et_pb_line_break_holder] -->.blurb_freebie03:hover .description { <!-- [et_pb_line_break_holder] -->    transform: translatey(0px);<!-- [et_pb_line_break_holder] -->    opacity: 1;<!-- [et_pb_line_break_holder] -->    transition: all .3s ease-in-out;<!-- [et_pb_line_break_holder] -->}<!-- [et_pb_line_break_holder] -->  <!-- [et_pb_line_break_holder] -->\/* Heading Text *\/  <!-- [et_pb_line_break_holder] -->.blurb_freebie03 .heading { <!-- [et_pb_line_break_holder] -->    transform: translatey(30px);<!-- [et_pb_line_break_holder] -->    transition: all .3s ease-in-out;<!-- [et_pb_line_break_holder] -->}<!-- [et_pb_line_break_holder] -->  <!-- [et_pb_line_break_holder] -->.blurb_freebie03:hover .heading { <!-- [et_pb_line_break_holder] -->    transform: translatey(0px);<!-- [et_pb_line_break_holder] -->    transition: all .3s ease-in-out;<!-- [et_pb_line_break_holder] -->}<!-- [et_pb_line_break_holder] --><\/style>\n<p><!-- [et_pb_line_break_holder] -->[\/et_pb_code][\/et_pb_column][\/et_pb_row][\/et_pb_section]<\/p>\n","protected":false},"excerpt":{"rendered":"<p>[et_pb_section fb_built=\u00a0\u00bb1&Prime; custom_padding_last_edited=\u00a0\u00bbon|tablet\u00a0\u00bb prev_background_color=\u00a0\u00bb#ffffff\u00a0\u00bb admin_label=\u00a0\u00bbHero Section\u00a0\u00bb _builder_version=\u00a0\u00bb4.9.4&Prime; use_background_color_gradient=\u00a0\u00bbon\u00a0\u00bb background_color_gradient_start=\u00a0\u00bb#2b303a\u00a0\u00bb background_color_gradient_end=\u00a0\u00bbrgba(43,48,58,0.5)\u00a0\u00bb background_color_gradient_type=\u00a0\u00bbradial\u00a0\u00bb background_color_gradient_direction_radial=\u00a0\u00bbtop left\u00a0\u00bb background_color_gradient_start_position=\u00a0\u00bb10%\u00a0\u00bb background_color_gradient_overlays_image=\u00a0\u00bbon\u00a0\u00bb background_image=\u00a0\u00bbhttps:\/\/www.smartmethodengineering.com\/es\/wp-content\/uploads\/2021\/06\/Accueil-05.jpg\u00a0\u00bb module_alignment=\u00a0\u00bbright\u00a0\u00bb custom_margin=\u00a0\u00bb30px||30px||true|true\u00a0\u00bb custom_margin_tablet=\u00a0\u00bb0px|0px|0px|0px|true|true\u00a0\u00bb custom_margin_phone=\u00a0\u00bb\u00a0\u00bb custom_margin_last_edited=\u00a0\u00bbon|desktop\u00a0\u00bb custom_padding=\u00a0\u00bb10vw||10vw|0|true|false\u00a0\u00bb custom_padding_tablet=\u00a0\u00bb120px||120px|0px|true\u00a0\u00bb custom_padding_phone=\u00a0\u00bb\u00a0\u00bb top_divider_style=\u00a0\u00bbasymmetric4&Prime; top_divider_height=\u00a0\u00bb25px\u00a0\u00bb top_divider_repeat=\u00a0\u00bb0.5x\u00a0\u00bb top_divider_flip=\u00a0\u00bbvertical\u00a0\u00bb bottom_divider_style=\u00a0\u00bbasymmetric3&Prime; bottom_divider_color=\u00a0\u00bb#ffffff\u00a0\u00bb bottom_divider_height=\u00a0\u00bb25px\u00a0\u00bb bottom_divider_repeat=\u00a0\u00bb0.5x\u00a0\u00bb bottom_divider_flip=\u00a0\u00bbhorizontal\u00a0\u00bb animation_style=\u00a0\u00bbslide\u00a0\u00bb animation_direction=\u00a0\u00bbtop\u00a0\u00bb animation_intensity_slide=\u00a0\u00bb2%\u00a0\u00bb][et_pb_row admin_label=\u00a0\u00bbHero Area\u00a0\u00bb _builder_version=\u00a0\u00bb3.25&Prime; background_size=\u00a0\u00bbinitial\u00a0\u00bb background_position=\u00a0\u00bbtop_left\u00a0\u00bb background_repeat=\u00a0\u00bbrepeat\u00a0\u00bb custom_margin=\u00a0\u00bb|||\u00a0\u00bb][et_pb_column type=\u00a0\u00bb4_4&Prime; _builder_version=\u00a0\u00bb3.25&Prime; custom_padding=\u00a0\u00bb|||\u00a0\u00bb custom_padding__hover=\u00a0\u00bb|||\u00a0\u00bb][et_pb_text admin_label=\u00a0\u00bbTitle\u00a0\u00bb _builder_version=\u00a0\u00bb4.9.7&Prime; text_font=\u00a0\u00bb||||||||\u00a0\u00bb quote_font=\u00a0\u00bb||||||||\u00a0\u00bb header_font=\u00a0\u00bb|600|||||||\u00a0\u00bb header_font_size=\u00a0\u00bb40px\u00a0\u00bb header_line_height=\u00a0\u00bb1.4em\u00a0\u00bb header_2_font=\u00a0\u00bb||||||||\u00a0\u00bb [&hellip;]<\/p>\n","protected":false},"author":1,"featured_media":0,"parent":0,"menu_order":0,"comment_status":"closed","ping_status":"closed","template":"","meta":{"_et_pb_use_builder":"on","_et_pb_old_content":"","_et_gb_content_width":"","footnotes":""},"class_list":["post-16","page","type-page","status-publish","hentry"],"yoast_head":"<!-- This site is optimized with the Yoast SEO plugin v16.6.1 - https:\/\/yoast.com\/wordpress\/plugins\/seo\/ -->\n<title>Oficina de dise\u00f1o, m\u00e9todos y organizaci\u00f3n de obra - Madrid, Valencia<\/title>\n<meta name=\"description\" content=\"Oficina de dise\u00f1o especializada en m\u00e9todos, preparaci\u00f3n y organizaci\u00f3n de obra de construcci\u00f3n - Bogot\u00e1, Santiago de Chile, San Jos\u00e9, Mexico, Panama City\" \/>\n<meta name=\"robots\" content=\"index, follow, max-snippet:-1, max-image-preview:large, max-video-preview:-1\" \/>\n<link rel=\"canonical\" href=\"https:\/\/www.smartmethodengineering.com\/es\/referencias\/\" \/>\n<meta property=\"og:locale\" content=\"fr_FR\" \/>\n<meta property=\"og:type\" content=\"article\" \/>\n<meta property=\"og:title\" content=\"Oficina de dise\u00f1o, m\u00e9todos y organizaci\u00f3n de obra - Madrid, Valencia\" \/>\n<meta property=\"og:description\" content=\"Oficina de dise\u00f1o especializada en m\u00e9todos, preparaci\u00f3n y organizaci\u00f3n de obra de construcci\u00f3n - Bogot\u00e1, Santiago de Chile, San Jos\u00e9, Mexico, Panama City\" \/>\n<meta property=\"og:url\" content=\"https:\/\/www.smartmethodengineering.com\/es\/referencias\/\" \/>\n<meta property=\"og:site_name\" content=\"SMART Method Engineering\" \/>\n<meta property=\"article:modified_time\" content=\"2021-08-11T15:28:52+00:00\" \/>\n<meta name=\"twitter:card\" content=\"summary_large_image\" \/>\n<meta name=\"twitter:label1\" content=\"Dur\u00e9e de lecture est.\" \/>\n\t<meta name=\"twitter:data1\" content=\"4 minutes\" \/>\n<script type=\"application\/ld+json\" class=\"yoast-schema-graph\">{\"@context\":\"https:\/\/schema.org\",\"@graph\":[{\"@type\":\"WebSite\",\"@id\":\"https:\/\/www.smartmethodengineering.com\/es\/#website\",\"url\":\"https:\/\/www.smartmethodengineering.com\/es\/\",\"name\":\"SMART Method Engineering\",\"description\":\"Un site utilisant WordPress\",\"potentialAction\":[{\"@type\":\"SearchAction\",\"target\":{\"@type\":\"EntryPoint\",\"urlTemplate\":\"https:\/\/www.smartmethodengineering.com\/es\/?s={search_term_string}\"},\"query-input\":\"required name=search_term_string\"}],\"inLanguage\":\"fr-FR\"},{\"@type\":\"WebPage\",\"@id\":\"https:\/\/www.smartmethodengineering.com\/es\/referencias\/#webpage\",\"url\":\"https:\/\/www.smartmethodengineering.com\/es\/referencias\/\",\"name\":\"Oficina de dise\\u00f1o, m\\u00e9todos y organizaci\\u00f3n de obra - Madrid, Valencia\",\"isPartOf\":{\"@id\":\"https:\/\/www.smartmethodengineering.com\/es\/#website\"},\"datePublished\":\"2021-06-04T09:30:45+00:00\",\"dateModified\":\"2021-08-11T15:28:52+00:00\",\"description\":\"Oficina de dise\\u00f1o especializada en m\\u00e9todos, preparaci\\u00f3n y organizaci\\u00f3n de obra de construcci\\u00f3n - Bogot\\u00e1, Santiago de Chile, San Jos\\u00e9, Mexico, Panama City\",\"breadcrumb\":{\"@id\":\"https:\/\/www.smartmethodengineering.com\/es\/referencias\/#breadcrumb\"},\"inLanguage\":\"fr-FR\",\"potentialAction\":[{\"@type\":\"ReadAction\",\"target\":[\"https:\/\/www.smartmethodengineering.com\/es\/referencias\/\"]}]},{\"@type\":\"BreadcrumbList\",\"@id\":\"https:\/\/www.smartmethodengineering.com\/es\/referencias\/#breadcrumb\",\"itemListElement\":[{\"@type\":\"ListItem\",\"position\":1,\"name\":\"Referencias\"}]}]}<\/script>\n<!-- \/ Yoast SEO plugin. -->","_links":{"self":[{"href":"https:\/\/www.smartmethodengineering.com\/es\/wp-json\/wp\/v2\/pages\/16","targetHints":{"allow":["GET"]}}],"collection":[{"href":"https:\/\/www.smartmethodengineering.com\/es\/wp-json\/wp\/v2\/pages"}],"about":[{"href":"https:\/\/www.smartmethodengineering.com\/es\/wp-json\/wp\/v2\/types\/page"}],"author":[{"embeddable":true,"href":"https:\/\/www.smartmethodengineering.com\/es\/wp-json\/wp\/v2\/users\/1"}],"replies":[{"embeddable":true,"href":"https:\/\/www.smartmethodengineering.com\/es\/wp-json\/wp\/v2\/comments?post=16"}],"version-history":[{"count":0,"href":"https:\/\/www.smartmethodengineering.com\/es\/wp-json\/wp\/v2\/pages\/16\/revisions"}],"wp:attachment":[{"href":"https:\/\/www.smartmethodengineering.com\/es\/wp-json\/wp\/v2\/media?parent=16"}],"curies":[{"name":"wp","href":"https:\/\/api.w.org\/{rel}","templated":true}]}}